{"id":2989,"date":"2022-06-15T08:42:29","date_gmt":"2022-06-15T07:42:29","guid":{"rendered":"http:\/\/freyburg-stavebniny.cz\/?page_id=2989"},"modified":"2026-01-05T09:06:54","modified_gmt":"2026-01-05T08:06:54","slug":"informace","status":"publish","type":"page","link":"https:\/\/freyburg-stavebniny.cz\/?page_id=2989","title":{"rendered":"Kontakt"},"content":{"rendered":"\n<p>Majitel: Freyburg Karel 602 437 080<\/p>\n\n\n\n<p>Kancel\u00e1\u0159: 311 685 388, 727 896 927<\/p>\n\n\n\n<p>email: karel.freyburg@seznam.cz<\/p>\n\n\n\n<p>Adresa: \u010ceskoslovensk\u00e9 arm\u00e1dy 696, Zdice 267 51<\/p>\n\n\n\n<p>Otev\u00edrac\u00ed doba: po-p\u00e1 8:00 &#8211; 16:00, so 8:00 &#8211; 12:00<\/p>\n\n\n\n<p>                             <\/p>\n","protected":false},"excerpt":{"rendered":"<p>Majitel: Freyburg Karel 602 437 080 Kancel\u00e1\u0159: 311 685 388, 727 896 927 email: karel.freyburg@seznam.cz Adresa: \u010ceskoslovensk\u00e9 arm\u00e1dy 696, Zdice 267 51 Otev\u00edrac\u00ed doba: po-p\u00e1 8:00 &#8211; 16:00, so 8:00 &#8211; 12:00<\/p>\n","protected":false},"author":1,"featured_media":0,"parent":0,"menu_order":0,"comment_status":"closed","ping_status":"closed","template":"","meta":[],"_links":{"self":[{"href":"https:\/\/freyburg-stavebniny.cz\/index.php?rest_route=\/wp\/v2\/pages\/2989"}],"collection":[{"href":"https:\/\/freyburg-stavebniny.cz\/index.php?rest_route=\/wp\/v2\/pages"}],"about":[{"href":"https:\/\/freyburg-stavebniny.cz\/index.php?rest_route=\/wp\/v2\/types\/page"}],"author":[{"embeddable":true,"href":"https:\/\/freyburg-stavebniny.cz\/index.php?rest_route=\/wp\/v2\/users\/1"}],"replies":[{"embeddable":true,"href":"https:\/\/freyburg-stavebniny.cz\/index.php?rest_route=%2Fwp%2Fv2%2Fcomments&post=2989"}],"version-history":[{"count":3,"href":"https:\/\/freyburg-stavebniny.cz\/index.php?rest_route=\/wp\/v2\/pages\/2989\/revisions"}],"predecessor-version":[{"id":3160,"href":"https:\/\/freyburg-stavebniny.cz\/index.php?rest_route=\/wp\/v2\/pages\/2989\/revisions\/3160"}],"wp:attachment":[{"href":"https:\/\/freyburg-stavebniny.cz\/index.php?rest_route=%2Fwp%2Fv2%2Fmedia&parent=2989"}],"curies":[{"name":"wp","href":"https:\/\/api.w.org\/{rel}","templated":true}]}}